{"id":16523,"date":"2026-01-19T10:36:06","date_gmt":"2026-01-19T09:36:06","guid":{"rendered":"https:\/\/www.baccate.pl\/sklep\/?post_type=product&#038;p=16523"},"modified":"2026-04-10T11:09:48","modified_gmt":"2026-04-10T09:09:48","slug":"sernik-dubajski","status":"publish","type":"product","link":"https:\/\/www.baccate.pl\/sklep\/produkt\/sernik-dubajski\/","title":{"rendered":"Sernik dubajski"},"content":{"rendered":"<p>[vc_row][vc_column][vc_column_text]<img class=\"emoji\" role=\"img\" draggable=\"false\" src=\"https:\/\/s.w.org\/images\/core\/emoji\/13.0.0\/svg\/1f36a.svg\" alt=\"?\" \/> Sernik wyst\u0119puje tylko w wersji okr\u0105g\u0142ej.<br \/>\n<img class=\"emoji\" role=\"img\" draggable=\"false\" src=\"https:\/\/s.w.org\/images\/core\/emoji\/13.0.0\/svg\/1f36a.svg\" alt=\"?\" \/>\u00a0 \u00d8 26 cm \/ 12-16 os\u00f3b<br \/>\n<img class=\"emoji\" role=\"img\" draggable=\"false\" src=\"https:\/\/s.w.org\/images\/core\/emoji\/13.0.0\/svg\/1f36a.svg\" alt=\"?\" \/> \u015awietnie sprawdza si\u0119 jako s\u0142odki prezent, dlatego te\u017c zamawiaj\u0105c s\u0142odko\u015bci w naszej cukierni<br \/>\nzawsze mo\u017cna dokupi\u0107 do nich kartk\u0119 okoliczno\u015bciow\u0105, \u015bwieczki lub rac\u0119.[\/vc_column_text][\/vc_column][\/vc_row]<\/p>\n","protected":false},"excerpt":{"rendered":"<p>Pistacjowo- \u015bmietankowy sernik na spodzie z chrupi\u0105cych ciastek, polany deserow\u0105 czekolad\u0105 i posypany pistacjami.<\/p>\n","protected":false},"featured_media":16521,"template":"","meta":[],"yoast_head":"<!-- This site is optimized with the Yoast SEO plugin v16.2 - https:\/\/yoast.com\/wordpress\/plugins\/seo\/ -->\n<title>Cukiernia Baccate - serniki z dostaw\u0105 w Gdyni<\/title>\n<meta name=\"description\" content=\"Sernik dubajski z dostaw\u0105 zr\u00f3b s\u0142odk\u0105 niespodziank\u0119 najbli\u017cszym. Najlepsze serniki w Gdyni. Sernik z dostaw\u0105 do domu.\" \/>\n<meta name=\"robots\" content=\"index, follow, max-snippet:-1, max-image-preview:large, max-video-preview:-1\" \/>\n<link rel=\"canonical\" href=\"https:\/\/www.baccate.pl\/sklep\/produkt\/sernik-dubajski\/\" \/>\n<meta property=\"og:locale\" content=\"pl_PL\" \/>\n<meta property=\"og:type\" content=\"article\" \/>\n<meta property=\"og:title\" content=\"Cukiernia Baccate - serniki z dostaw\u0105 w Gdyni\" \/>\n<meta property=\"og:description\" content=\"Sernik dubajski z dostaw\u0105 zr\u00f3b s\u0142odk\u0105 niespodziank\u0119 najbli\u017cszym. Najlepsze serniki w Gdyni. Sernik z dostaw\u0105 do domu.\" \/>\n<meta property=\"og:url\" content=\"https:\/\/www.baccate.pl\/sklep\/produkt\/sernik-dubajski\/\" \/>\n<meta property=\"og:site_name\" content=\"Cukiernia Baccate\" \/>\n<meta property=\"article:modified_time\" content=\"2026-04-10T09:09:48+00:00\" \/>\n<meta property=\"og:image\" content=\"https:\/\/www.baccate.pl\/sklep\/wp-content\/uploads\/sites\/2\/2026\/01\/jpg-sernik-dubajski.jpg\" \/>\n\t<meta property=\"og:image:width\" content=\"600\" \/>\n\t<meta property=\"og:image:height\" content=\"680\" \/>\n<meta name=\"twitter:card\" content=\"summary_large_image\" \/>\n<meta name=\"twitter:label1\" content=\"Szacowany czas czytania\">\n\t<meta name=\"twitter:data1\" content=\"1 minuta\">\n<script type=\"application\/ld+json\" class=\"yoast-schema-graph\">{\"@context\":\"https:\/\/schema.org\",\"@graph\":[{\"@type\":\"WebSite\",\"@id\":\"https:\/\/www.baccate.pl\/sklep\/#website\",\"url\":\"https:\/\/www.baccate.pl\/sklep\/\",\"name\":\"Cukiernia Baccate\",\"description\":\"Zam\\u00f3w najlepsze wypieki z dostaw\\u0105 pod same drzwi\",\"potentialAction\":[{\"@type\":\"SearchAction\",\"target\":\"https:\/\/www.baccate.pl\/sklep\/?s={search_term_string}\",\"query-input\":\"required name=search_term_string\"}],\"inLanguage\":\"pl-PL\"},{\"@type\":\"ImageObject\",\"@id\":\"https:\/\/www.baccate.pl\/sklep\/produkt\/sernik-dubajski\/#primaryimage\",\"inLanguage\":\"pl-PL\",\"url\":\"https:\/\/www.baccate.pl\/sklep\/wp-content\/uploads\/sites\/2\/2026\/01\/jpg-sernik-dubajski.jpg\",\"contentUrl\":\"https:\/\/www.baccate.pl\/sklep\/wp-content\/uploads\/sites\/2\/2026\/01\/jpg-sernik-dubajski.jpg\",\"width\":600,\"height\":680},{\"@type\":\"WebPage\",\"@id\":\"https:\/\/www.baccate.pl\/sklep\/produkt\/sernik-dubajski\/#webpage\",\"url\":\"https:\/\/www.baccate.pl\/sklep\/produkt\/sernik-dubajski\/\",\"name\":\"Cukiernia Baccate - serniki z dostaw\\u0105 w Gdyni\",\"isPartOf\":{\"@id\":\"https:\/\/www.baccate.pl\/sklep\/#website\"},\"primaryImageOfPage\":{\"@id\":\"https:\/\/www.baccate.pl\/sklep\/produkt\/sernik-dubajski\/#primaryimage\"},\"datePublished\":\"2026-01-19T09:36:06+00:00\",\"dateModified\":\"2026-04-10T09:09:48+00:00\",\"description\":\"Sernik dubajski z dostaw\\u0105 zr\\u00f3b s\\u0142odk\\u0105 niespodziank\\u0119 najbli\\u017cszym. Najlepsze serniki w Gdyni. Sernik z dostaw\\u0105 do domu.\",\"breadcrumb\":{\"@id\":\"https:\/\/www.baccate.pl\/sklep\/produkt\/sernik-dubajski\/#breadcrumb\"},\"inLanguage\":\"pl-PL\",\"potentialAction\":[{\"@type\":\"ReadAction\",\"target\":[\"https:\/\/www.baccate.pl\/sklep\/produkt\/sernik-dubajski\/\"]}]},{\"@type\":\"BreadcrumbList\",\"@id\":\"https:\/\/www.baccate.pl\/sklep\/produkt\/sernik-dubajski\/#breadcrumb\",\"itemListElement\":[{\"@type\":\"ListItem\",\"position\":1,\"item\":{\"@type\":\"WebPage\",\"@id\":\"https:\/\/www.baccate.pl\/sklep\/\",\"url\":\"https:\/\/www.baccate.pl\/sklep\/\",\"name\":\"Strona g\\u0142\\u00f3wna\"}},{\"@type\":\"ListItem\",\"position\":2,\"item\":{\"@type\":\"WebPage\",\"@id\":\"https:\/\/www.baccate.pl\/sklep\/wszystkie\/\",\"url\":\"https:\/\/www.baccate.pl\/sklep\/wszystkie\/\",\"name\":\"Sklep Baccate\"}},{\"@type\":\"ListItem\",\"position\":3,\"item\":{\"@id\":\"https:\/\/www.baccate.pl\/sklep\/produkt\/sernik-dubajski\/#webpage\"}}]}]}<\/script>\n<!-- \/ Yoast SEO plugin. -->","_links":{"self":[{"href":"https:\/\/www.baccate.pl\/sklep\/wp-json\/wp\/v2\/product\/16523"}],"collection":[{"href":"https:\/\/www.baccate.pl\/sklep\/wp-json\/wp\/v2\/product"}],"about":[{"href":"https:\/\/www.baccate.pl\/sklep\/wp-json\/wp\/v2\/types\/product"}],"wp:featuredmedia":[{"embeddable":true,"href":"https:\/\/www.baccate.pl\/sklep\/wp-json\/wp\/v2\/media\/16521"}],"wp:attachment":[{"href":"https:\/\/www.baccate.pl\/sklep\/wp-json\/wp\/v2\/media?parent=16523"}],"curies":[{"name":"wp","href":"https:\/\/api.w.org\/{rel}","templated":true}]}}