{"id":16510,"date":"2026-01-19T10:11:55","date_gmt":"2026-01-19T09:11:55","guid":{"rendered":"https:\/\/www.baccate.pl\/sklep\/?post_type=product&#038;p=16510"},"modified":"2026-01-19T10:13:33","modified_gmt":"2026-01-19T09:13:33","slug":"tarta-mango-marakuja","status":"publish","type":"product","link":"https:\/\/www.baccate.pl\/sklep\/produkt\/tarta-mango-marakuja\/","title":{"rendered":"Tarta mango marakuja"},"content":{"rendered":"<p>[vc_row][vc_column][vc_column_text]<img class=\"emoji\" role=\"img\" draggable=\"false\" src=\"https:\/\/s.w.org\/images\/core\/emoji\/13.0.0\/svg\/1f36a.svg\" alt=\"?\" \/> Przybli\u017cona waga tarty ok. 2 kg, \u015brednica 28 cm.<\/p>\n<p><img class=\"emoji\" role=\"img\" draggable=\"false\" src=\"https:\/\/s.w.org\/images\/core\/emoji\/13.0.0\/svg\/1f36a.svg\" alt=\"?\" \/> Tarty \u015bwietnie sprawdza si\u0119 jako s\u0142odki prezent lub zast\u0119pstwo dla tortu, dlatego te\u017c zamawiaj\u0105c s\u0142odko\u015bci w naszej cukierni zawsze mo\u017cna dokupi\u0107 do nich kartk\u0119 okoliczno\u015bciow\u0105, \u015bwieczki lub rac\u0119.[\/vc_column_text][\/vc_column][\/vc_row]<\/p>\n","protected":false},"excerpt":{"rendered":"<p>Tarta na bazie puree mango-maracuja z lekko solonym spodem czekoladowo-orzechowym.<\/p>\n<p>Rozmiar: \u00d8 28 cm \/ 10-12 os\u00f3b<\/p>\n","protected":false},"featured_media":16511,"template":"","meta":[],"yoast_head":"<!-- This site is optimized with the Yoast SEO plugin v16.2 - https:\/\/yoast.com\/wordpress\/plugins\/seo\/ -->\n<title>Cukiernia Baccate - Tarta mango marakuja<\/title>\n<meta name=\"description\" content=\"Tarty z dostaw\u0105 zr\u00f3b s\u0142odk\u0105 niespodziank\u0119 najbli\u017cszym. Najlepsze tarty w Tr\u00f3jmie\u015bcie. Tarty z dostaw\u0105 do domu: Gda\u0144sk Gdynia i Sopot\" \/>\n<meta name=\"robots\" content=\"index, follow, max-snippet:-1, max-image-preview:large, max-video-preview:-1\" \/>\n<link rel=\"canonical\" href=\"https:\/\/www.baccate.pl\/sklep\/produkt\/tarta-mango-marakuja\/\" \/>\n<meta property=\"og:locale\" content=\"pl_PL\" \/>\n<meta property=\"og:type\" content=\"article\" \/>\n<meta property=\"og:title\" content=\"Cukiernia Baccate - Tarta mango marakuja\" \/>\n<meta property=\"og:description\" content=\"Tarty z dostaw\u0105 zr\u00f3b s\u0142odk\u0105 niespodziank\u0119 najbli\u017cszym. Najlepsze tarty w Tr\u00f3jmie\u015bcie. Tarty z dostaw\u0105 do domu: Gda\u0144sk Gdynia i Sopot\" \/>\n<meta property=\"og:url\" content=\"https:\/\/www.baccate.pl\/sklep\/produkt\/tarta-mango-marakuja\/\" \/>\n<meta property=\"og:site_name\" content=\"Cukiernia Baccate\" \/>\n<meta property=\"article:modified_time\" content=\"2026-01-19T09:13:33+00:00\" \/>\n<meta property=\"og:image\" content=\"https:\/\/www.baccate.pl\/sklep\/wp-content\/uploads\/sites\/2\/2026\/01\/jpg-tarta-mango-marakuja.jpg\" \/>\n\t<meta property=\"og:image:width\" content=\"600\" \/>\n\t<meta property=\"og:image:height\" content=\"680\" \/>\n<meta name=\"twitter:card\" content=\"summary_large_image\" \/>\n<script type=\"application\/ld+json\" class=\"yoast-schema-graph\">{\"@context\":\"https:\/\/schema.org\",\"@graph\":[{\"@type\":\"WebSite\",\"@id\":\"https:\/\/www.baccate.pl\/sklep\/#website\",\"url\":\"https:\/\/www.baccate.pl\/sklep\/\",\"name\":\"Cukiernia Baccate\",\"description\":\"Zam\\u00f3w najlepsze wypieki z dostaw\\u0105 pod same drzwi\",\"potentialAction\":[{\"@type\":\"SearchAction\",\"target\":\"https:\/\/www.baccate.pl\/sklep\/?s={search_term_string}\",\"query-input\":\"required name=search_term_string\"}],\"inLanguage\":\"pl-PL\"},{\"@type\":\"ImageObject\",\"@id\":\"https:\/\/www.baccate.pl\/sklep\/produkt\/tarta-mango-marakuja\/#primaryimage\",\"inLanguage\":\"pl-PL\",\"url\":\"https:\/\/www.baccate.pl\/sklep\/wp-content\/uploads\/sites\/2\/2026\/01\/jpg-tarta-mango-marakuja.jpg\",\"contentUrl\":\"https:\/\/www.baccate.pl\/sklep\/wp-content\/uploads\/sites\/2\/2026\/01\/jpg-tarta-mango-marakuja.jpg\",\"width\":600,\"height\":680},{\"@type\":\"WebPage\",\"@id\":\"https:\/\/www.baccate.pl\/sklep\/produkt\/tarta-mango-marakuja\/#webpage\",\"url\":\"https:\/\/www.baccate.pl\/sklep\/produkt\/tarta-mango-marakuja\/\",\"name\":\"Cukiernia Baccate - Tarta mango marakuja\",\"isPartOf\":{\"@id\":\"https:\/\/www.baccate.pl\/sklep\/#website\"},\"primaryImageOfPage\":{\"@id\":\"https:\/\/www.baccate.pl\/sklep\/produkt\/tarta-mango-marakuja\/#primaryimage\"},\"datePublished\":\"2026-01-19T09:11:55+00:00\",\"dateModified\":\"2026-01-19T09:13:33+00:00\",\"description\":\"Tarty z dostaw\\u0105 zr\\u00f3b s\\u0142odk\\u0105 niespodziank\\u0119 najbli\\u017cszym. Najlepsze tarty w Tr\\u00f3jmie\\u015bcie. Tarty z dostaw\\u0105 do domu: Gda\\u0144sk Gdynia i Sopot\",\"breadcrumb\":{\"@id\":\"https:\/\/www.baccate.pl\/sklep\/produkt\/tarta-mango-marakuja\/#breadcrumb\"},\"inLanguage\":\"pl-PL\",\"potentialAction\":[{\"@type\":\"ReadAction\",\"target\":[\"https:\/\/www.baccate.pl\/sklep\/produkt\/tarta-mango-marakuja\/\"]}]},{\"@type\":\"BreadcrumbList\",\"@id\":\"https:\/\/www.baccate.pl\/sklep\/produkt\/tarta-mango-marakuja\/#breadcrumb\",\"itemListElement\":[{\"@type\":\"ListItem\",\"position\":1,\"item\":{\"@type\":\"WebPage\",\"@id\":\"https:\/\/www.baccate.pl\/sklep\/\",\"url\":\"https:\/\/www.baccate.pl\/sklep\/\",\"name\":\"Strona g\\u0142\\u00f3wna\"}},{\"@type\":\"ListItem\",\"position\":2,\"item\":{\"@type\":\"WebPage\",\"@id\":\"https:\/\/www.baccate.pl\/sklep\/wszystkie\/\",\"url\":\"https:\/\/www.baccate.pl\/sklep\/wszystkie\/\",\"name\":\"Sklep Baccate\"}},{\"@type\":\"ListItem\",\"position\":3,\"item\":{\"@id\":\"https:\/\/www.baccate.pl\/sklep\/produkt\/tarta-mango-marakuja\/#webpage\"}}]}]}<\/script>\n<!-- \/ Yoast SEO plugin. -->","_links":{"self":[{"href":"https:\/\/www.baccate.pl\/sklep\/wp-json\/wp\/v2\/product\/16510"}],"collection":[{"href":"https:\/\/www.baccate.pl\/sklep\/wp-json\/wp\/v2\/product"}],"about":[{"href":"https:\/\/www.baccate.pl\/sklep\/wp-json\/wp\/v2\/types\/product"}],"wp:featuredmedia":[{"embeddable":true,"href":"https:\/\/www.baccate.pl\/sklep\/wp-json\/wp\/v2\/media\/16511"}],"wp:attachment":[{"href":"https:\/\/www.baccate.pl\/sklep\/wp-json\/wp\/v2\/media?parent=16510"}],"curies":[{"name":"wp","href":"https:\/\/api.w.org\/{rel}","templated":true}]}}