{"id":15275,"date":"2024-08-16T09:22:31","date_gmt":"2024-08-16T07:22:31","guid":{"rendered":"https:\/\/www.baccate.pl\/sklep\/?post_type=product&#038;p=15275"},"modified":"2026-01-19T12:40:45","modified_gmt":"2026-01-19T11:40:45","slug":"tort-bezowy-mango-marakuja","status":"publish","type":"product","link":"https:\/\/www.baccate.pl\/sklep\/produkt\/tort-bezowy-mango-marakuja\/","title":{"rendered":"Tort Bezowy mango marakuja"},"content":{"rendered":"<p>[vc_row][vc_column][vc_column_text]<br \/>\n<img class=\"emoji\" role=\"img\" draggable=\"false\" src=\"https:\/\/s.w.org\/images\/core\/emoji\/13.0.0\/svg\/1f36a.svg\" alt=\"?\" \/> Chcesz spersonalizowa\u0107 tort bezowy dodaj do niego napis w polu dodatkowe informacje dla cukierni.<br \/>\n<img class=\"emoji\" role=\"img\" draggable=\"false\" src=\"https:\/\/s.w.org\/images\/core\/emoji\/13.0.0\/svg\/1f36a.svg\" alt=\"?\" \/> Zamawiaj\u0105c s\u0142odko\u015bci mo\u017cesz zrobi\u0107 dodatkowy prezent<br \/>\ndokupuj\u0105c okoliczno\u015bciow\u0105 kartk\u0119, \u015bwieczki oraz rac\u0119.[\/vc_column_text][\/vc_column][\/vc_row]<\/p>\n","protected":false},"excerpt":{"rendered":"<p>Cytrusowe po\u0142\u0105czenie kruchej bezy, \u015bmietanki i serka mascarpone o smaku mango z puree marakuja.<br \/>\n<strong>Produkt bezglutenowy.<\/strong><\/p>\n","protected":false},"featured_media":15278,"template":"","meta":[],"yoast_head":"<!-- This site is optimized with the Yoast SEO plugin v16.2 - https:\/\/yoast.com\/wordpress\/plugins\/seo\/ -->\n<title>Cukiernia Baccate - Torty bezowe pavlova z dostaw\u0105<\/title>\n<meta name=\"description\" content=\"Pyszne torty bezowe pavlova w Gda\u0144sku. Dostawa do domu w Tr\u00f3jmie\u015bcie. Najlepsza beza w Gda\u0144sku, Sopocie i Gdyni. Zam\u00f3w wszystkim b\u0119dzie smakowa\u0142o.\" \/>\n<meta name=\"robots\" content=\"index, follow, max-snippet:-1, max-image-preview:large, max-video-preview:-1\" \/>\n<link rel=\"canonical\" href=\"https:\/\/www.baccate.pl\/sklep\/produkt\/tort-bezowy-mango-marakuja\/\" \/>\n<meta property=\"og:locale\" content=\"pl_PL\" \/>\n<meta property=\"og:type\" content=\"article\" \/>\n<meta property=\"og:title\" content=\"Cukiernia Baccate - Torty bezowe pavlova z dostaw\u0105\" \/>\n<meta property=\"og:description\" content=\"Pyszne torty bezowe pavlova w Gda\u0144sku. Dostawa do domu w Tr\u00f3jmie\u015bcie. Najlepsza beza w Gda\u0144sku, Sopocie i Gdyni. Zam\u00f3w wszystkim b\u0119dzie smakowa\u0142o.\" \/>\n<meta property=\"og:url\" content=\"https:\/\/www.baccate.pl\/sklep\/produkt\/tort-bezowy-mango-marakuja\/\" \/>\n<meta property=\"og:site_name\" content=\"Cukiernia Baccate\" \/>\n<meta property=\"article:modified_time\" content=\"2026-01-19T11:40:45+00:00\" \/>\n<meta property=\"og:image\" content=\"https:\/\/www.baccate.pl\/sklep\/wp-content\/uploads\/sites\/2\/2024\/08\/jpg-beza-mango-marakuja.jpg\" \/>\n\t<meta property=\"og:image:width\" content=\"600\" \/>\n\t<meta property=\"og:image:height\" content=\"679\" \/>\n<meta name=\"twitter:card\" content=\"summary_large_image\" \/>\n<meta name=\"twitter:label1\" content=\"Szacowany czas czytania\">\n\t<meta name=\"twitter:data1\" content=\"1 minuta\">\n<script type=\"application\/ld+json\" class=\"yoast-schema-graph\">{\"@context\":\"https:\/\/schema.org\",\"@graph\":[{\"@type\":\"WebSite\",\"@id\":\"https:\/\/www.baccate.pl\/sklep\/#website\",\"url\":\"https:\/\/www.baccate.pl\/sklep\/\",\"name\":\"Cukiernia Baccate\",\"description\":\"Zam\\u00f3w najlepsze wypieki z dostaw\\u0105 pod same drzwi\",\"potentialAction\":[{\"@type\":\"SearchAction\",\"target\":\"https:\/\/www.baccate.pl\/sklep\/?s={search_term_string}\",\"query-input\":\"required name=search_term_string\"}],\"inLanguage\":\"pl-PL\"},{\"@type\":\"ImageObject\",\"@id\":\"https:\/\/www.baccate.pl\/sklep\/produkt\/tort-bezowy-mango-marakuja\/#primaryimage\",\"inLanguage\":\"pl-PL\",\"url\":\"https:\/\/www.baccate.pl\/sklep\/wp-content\/uploads\/sites\/2\/2024\/08\/jpg-beza-mango-marakuja.jpg\",\"contentUrl\":\"https:\/\/www.baccate.pl\/sklep\/wp-content\/uploads\/sites\/2\/2024\/08\/jpg-beza-mango-marakuja.jpg\",\"width\":600,\"height\":679},{\"@type\":\"WebPage\",\"@id\":\"https:\/\/www.baccate.pl\/sklep\/produkt\/tort-bezowy-mango-marakuja\/#webpage\",\"url\":\"https:\/\/www.baccate.pl\/sklep\/produkt\/tort-bezowy-mango-marakuja\/\",\"name\":\"Cukiernia Baccate - Torty bezowe pavlova z dostaw\\u0105\",\"isPartOf\":{\"@id\":\"https:\/\/www.baccate.pl\/sklep\/#website\"},\"primaryImageOfPage\":{\"@id\":\"https:\/\/www.baccate.pl\/sklep\/produkt\/tort-bezowy-mango-marakuja\/#primaryimage\"},\"datePublished\":\"2024-08-16T07:22:31+00:00\",\"dateModified\":\"2026-01-19T11:40:45+00:00\",\"description\":\"Pyszne torty bezowe pavlova w Gda\\u0144sku. Dostawa do domu w Tr\\u00f3jmie\\u015bcie. Najlepsza beza w Gda\\u0144sku, Sopocie i Gdyni. Zam\\u00f3w wszystkim b\\u0119dzie smakowa\\u0142o.\",\"breadcrumb\":{\"@id\":\"https:\/\/www.baccate.pl\/sklep\/produkt\/tort-bezowy-mango-marakuja\/#breadcrumb\"},\"inLanguage\":\"pl-PL\",\"potentialAction\":[{\"@type\":\"ReadAction\",\"target\":[\"https:\/\/www.baccate.pl\/sklep\/produkt\/tort-bezowy-mango-marakuja\/\"]}]},{\"@type\":\"BreadcrumbList\",\"@id\":\"https:\/\/www.baccate.pl\/sklep\/produkt\/tort-bezowy-mango-marakuja\/#breadcrumb\",\"itemListElement\":[{\"@type\":\"ListItem\",\"position\":1,\"item\":{\"@type\":\"WebPage\",\"@id\":\"https:\/\/www.baccate.pl\/sklep\/\",\"url\":\"https:\/\/www.baccate.pl\/sklep\/\",\"name\":\"Strona g\\u0142\\u00f3wna\"}},{\"@type\":\"ListItem\",\"position\":2,\"item\":{\"@type\":\"WebPage\",\"@id\":\"https:\/\/www.baccate.pl\/sklep\/wszystkie\/\",\"url\":\"https:\/\/www.baccate.pl\/sklep\/wszystkie\/\",\"name\":\"Sklep Baccate\"}},{\"@type\":\"ListItem\",\"position\":3,\"item\":{\"@id\":\"https:\/\/www.baccate.pl\/sklep\/produkt\/tort-bezowy-mango-marakuja\/#webpage\"}}]}]}<\/script>\n<!-- \/ Yoast SEO plugin. -->","_links":{"self":[{"href":"https:\/\/www.baccate.pl\/sklep\/wp-json\/wp\/v2\/product\/15275"}],"collection":[{"href":"https:\/\/www.baccate.pl\/sklep\/wp-json\/wp\/v2\/product"}],"about":[{"href":"https:\/\/www.baccate.pl\/sklep\/wp-json\/wp\/v2\/types\/product"}],"wp:featuredmedia":[{"embeddable":true,"href":"https:\/\/www.baccate.pl\/sklep\/wp-json\/wp\/v2\/media\/15278"}],"wp:attachment":[{"href":"https:\/\/www.baccate.pl\/sklep\/wp-json\/wp\/v2\/media?parent=15275"}],"curies":[{"name":"wp","href":"https:\/\/api.w.org\/{rel}","templated":true}]}}