{"id":13343,"date":"2021-12-01T16:01:39","date_gmt":"2021-12-01T15:01:39","guid":{"rendered":"https:\/\/www.baccate.pl\/sklep\/?post_type=product&#038;p=13343"},"modified":"2024-04-04T13:55:41","modified_gmt":"2024-04-04T11:55:41","slug":"mus-w-pucharku-czekoladowy-z-wisniami","status":"publish","type":"product","link":"https:\/\/www.baccate.pl\/sklep\/produkt\/mus-w-pucharku-czekoladowy-z-wisniami\/","title":{"rendered":"Mus w pucharku czekoladowy z wi\u015bniami"},"content":{"rendered":"<p>[vc_row][vc_column][vc_column_text]<img class=\"emoji\" role=\"img\" draggable=\"false\" src=\"https:\/\/s.w.org\/images\/core\/emoji\/13.0.0\/svg\/1f36a.svg\" alt=\"?\" \/> Minimalna ilo\u015b\u0107 zam\u00f3wienia to 20 sztuk.<\/p>\n<p><img class=\"emoji\" role=\"img\" draggable=\"false\" src=\"https:\/\/s.w.org\/images\/core\/emoji\/13.0.0\/svg\/1f36a.svg\" alt=\"?\" \/> Do ka\u017cdego musu dodajemy \u0142y\u017ceczk\u0119.<\/p>\n<p><img class=\"emoji\" role=\"img\" draggable=\"false\" src=\"https:\/\/s.w.org\/images\/core\/emoji\/13.0.0\/svg\/1f36a.svg\" alt=\"?\" \/> Zamawiaj\u0105c s\u0142odko\u015bci mo\u017cesz zrobi\u0107 dodatkowy prezent dokupuj\u0105c okoliczno\u015bciow\u0105 kartk\u0119, \u015bwieczki oraz rac\u0119.[\/vc_column_text][\/vc_column][\/vc_row]<\/p>\n","protected":false},"excerpt":{"rendered":"<p>Pucharek fingerfood. Mus \u015bmietanowy z ciemnej czekolady deserowej przek\u0142adany wi\u015bniowym puree.<\/p>\n<p>Mus &#8211; 90 ml<\/p>\n","protected":false},"featured_media":13354,"template":"","meta":[],"yoast_head":"<!-- This site is optimized with the Yoast SEO plugin v16.2 - https:\/\/yoast.com\/wordpress\/plugins\/seo\/ -->\n<title>Mus w pucharku czekoladowy z wi\u015bniami - Cukiernia Baccate<\/title>\n<meta name=\"description\" content=\"Pucharek fingerfood. Musy i s\u0142odko\u015bci na ka\u017cd\u0105 okazj\u0119. Do pracy, domu, biura. Dostawa w Gda\u0144sku. Cukiernia Baccate\" \/>\n<meta name=\"robots\" content=\"index, follow, max-snippet:-1, max-image-preview:large, max-video-preview:-1\" \/>\n<link rel=\"canonical\" href=\"https:\/\/www.baccate.pl\/sklep\/produkt\/mus-w-pucharku-czekoladowy-z-wisniami\/\" \/>\n<meta property=\"og:locale\" content=\"pl_PL\" \/>\n<meta property=\"og:type\" content=\"article\" \/>\n<meta property=\"og:title\" content=\"Mus w pucharku czekoladowy z wi\u015bniami - Cukiernia Baccate\" \/>\n<meta property=\"og:description\" content=\"Pucharek fingerfood. Musy i s\u0142odko\u015bci na ka\u017cd\u0105 okazj\u0119. Do pracy, domu, biura. Dostawa w Gda\u0144sku. Cukiernia Baccate\" \/>\n<meta property=\"og:url\" content=\"https:\/\/www.baccate.pl\/sklep\/produkt\/mus-w-pucharku-czekoladowy-z-wisniami\/\" \/>\n<meta property=\"og:site_name\" content=\"Cukiernia Baccate\" \/>\n<meta property=\"article:modified_time\" content=\"2024-04-04T11:55:41+00:00\" \/>\n<meta property=\"og:image\" content=\"https:\/\/www.baccate.pl\/sklep\/wp-content\/uploads\/sites\/2\/2021\/12\/jpg-mus-w-pucharku-czekoladowy-z-wisniami.jpg\" \/>\n\t<meta property=\"og:image:width\" content=\"604\" \/>\n\t<meta property=\"og:image:height\" content=\"684\" \/>\n<meta name=\"twitter:card\" content=\"summary_large_image\" \/>\n<meta name=\"twitter:label1\" content=\"Szacowany czas czytania\">\n\t<meta name=\"twitter:data1\" content=\"1 minuta\">\n<script type=\"application\/ld+json\" class=\"yoast-schema-graph\">{\"@context\":\"https:\/\/schema.org\",\"@graph\":[{\"@type\":\"WebSite\",\"@id\":\"https:\/\/www.baccate.pl\/sklep\/#website\",\"url\":\"https:\/\/www.baccate.pl\/sklep\/\",\"name\":\"Cukiernia Baccate\",\"description\":\"Zam\\u00f3w najlepsze wypieki z dostaw\\u0105 pod same drzwi\",\"potentialAction\":[{\"@type\":\"SearchAction\",\"target\":\"https:\/\/www.baccate.pl\/sklep\/?s={search_term_string}\",\"query-input\":\"required name=search_term_string\"}],\"inLanguage\":\"pl-PL\"},{\"@type\":\"ImageObject\",\"@id\":\"https:\/\/www.baccate.pl\/sklep\/produkt\/mus-w-pucharku-czekoladowy-z-wisniami\/#primaryimage\",\"inLanguage\":\"pl-PL\",\"url\":\"https:\/\/www.baccate.pl\/sklep\/wp-content\/uploads\/sites\/2\/2021\/12\/jpg-mus-w-pucharku-czekoladowy-z-wisniami.jpg\",\"contentUrl\":\"https:\/\/www.baccate.pl\/sklep\/wp-content\/uploads\/sites\/2\/2021\/12\/jpg-mus-w-pucharku-czekoladowy-z-wisniami.jpg\",\"width\":604,\"height\":684},{\"@type\":\"WebPage\",\"@id\":\"https:\/\/www.baccate.pl\/sklep\/produkt\/mus-w-pucharku-czekoladowy-z-wisniami\/#webpage\",\"url\":\"https:\/\/www.baccate.pl\/sklep\/produkt\/mus-w-pucharku-czekoladowy-z-wisniami\/\",\"name\":\"Mus w pucharku czekoladowy z wi\\u015bniami - Cukiernia Baccate\",\"isPartOf\":{\"@id\":\"https:\/\/www.baccate.pl\/sklep\/#website\"},\"primaryImageOfPage\":{\"@id\":\"https:\/\/www.baccate.pl\/sklep\/produkt\/mus-w-pucharku-czekoladowy-z-wisniami\/#primaryimage\"},\"datePublished\":\"2021-12-01T15:01:39+00:00\",\"dateModified\":\"2024-04-04T11:55:41+00:00\",\"description\":\"Pucharek fingerfood. Musy i s\\u0142odko\\u015bci na ka\\u017cd\\u0105 okazj\\u0119. Do pracy, domu, biura. Dostawa w Gda\\u0144sku. Cukiernia Baccate\",\"breadcrumb\":{\"@id\":\"https:\/\/www.baccate.pl\/sklep\/produkt\/mus-w-pucharku-czekoladowy-z-wisniami\/#breadcrumb\"},\"inLanguage\":\"pl-PL\",\"potentialAction\":[{\"@type\":\"ReadAction\",\"target\":[\"https:\/\/www.baccate.pl\/sklep\/produkt\/mus-w-pucharku-czekoladowy-z-wisniami\/\"]}]},{\"@type\":\"BreadcrumbList\",\"@id\":\"https:\/\/www.baccate.pl\/sklep\/produkt\/mus-w-pucharku-czekoladowy-z-wisniami\/#breadcrumb\",\"itemListElement\":[{\"@type\":\"ListItem\",\"position\":1,\"item\":{\"@type\":\"WebPage\",\"@id\":\"https:\/\/www.baccate.pl\/sklep\/\",\"url\":\"https:\/\/www.baccate.pl\/sklep\/\",\"name\":\"Strona g\\u0142\\u00f3wna\"}},{\"@type\":\"ListItem\",\"position\":2,\"item\":{\"@type\":\"WebPage\",\"@id\":\"https:\/\/www.baccate.pl\/sklep\/wszystkie\/\",\"url\":\"https:\/\/www.baccate.pl\/sklep\/wszystkie\/\",\"name\":\"Sklep Baccate\"}},{\"@type\":\"ListItem\",\"position\":3,\"item\":{\"@id\":\"https:\/\/www.baccate.pl\/sklep\/produkt\/mus-w-pucharku-czekoladowy-z-wisniami\/#webpage\"}}]}]}<\/script>\n<!-- \/ Yoast SEO plugin. -->","_links":{"self":[{"href":"https:\/\/www.baccate.pl\/sklep\/wp-json\/wp\/v2\/product\/13343"}],"collection":[{"href":"https:\/\/www.baccate.pl\/sklep\/wp-json\/wp\/v2\/product"}],"about":[{"href":"https:\/\/www.baccate.pl\/sklep\/wp-json\/wp\/v2\/types\/product"}],"wp:featuredmedia":[{"embeddable":true,"href":"https:\/\/www.baccate.pl\/sklep\/wp-json\/wp\/v2\/media\/13354"}],"wp:attachment":[{"href":"https:\/\/www.baccate.pl\/sklep\/wp-json\/wp\/v2\/media?parent=13343"}],"curies":[{"name":"wp","href":"https:\/\/api.w.org\/{rel}","templated":true}]}}