{"id":12675,"date":"2020-12-13T23:45:12","date_gmt":"2020-12-13T22:45:12","guid":{"rendered":"https:\/\/www.baccate.pl\/sklep\/?post_type=product&#038;p=12675"},"modified":"2022-04-02T12:23:22","modified_gmt":"2022-04-02T10:23:22","slug":"oplatek-na-tort","status":"publish","type":"product","link":"https:\/\/www.baccate.pl\/sklep\/produkt\/oplatek-na-tort\/","title":{"rendered":"Op\u0142atek na tort"},"content":{"rendered":"<p><img class=\"emoji\" role=\"img\" draggable=\"false\" src=\"https:\/\/s.w.org\/images\/core\/emoji\/13.0.0\/svg\/1f36a.svg\" alt=\"?\" \/> Grafik\u0119 mo\u017cna przes\u0142a\u0107 na adres adres kontakt@Baccate.pl w tytule maila prosz\u0119 poda\u0107 numer zam\u00f3wienia.<\/p>\n<p><img class=\"emoji\" role=\"img\" draggable=\"false\" src=\"https:\/\/s.w.org\/images\/core\/emoji\/13.0.0\/svg\/1f36a.svg\" alt=\"?\" \/> Grafik\u0119 mo\u017cna za\u0142\u0105czy\u0107 przy podsumowaniu zam\u00f3wienia klikaj\u0105c w pole Wgraj zdj\u0119cie.<\/p>\n","protected":false},"excerpt":{"rendered":"<p>Dowolna grafika drukowana na jadalnym op\u0142atku o rozmiarze kartki A4, lub \u015brednicy maksymalnie \u00d8 21 cm.<\/p>\n","protected":false},"featured_media":13383,"template":"","meta":[],"yoast_head":"<!-- This site is optimized with the Yoast SEO plugin v16.2 - https:\/\/yoast.com\/wordpress\/plugins\/seo\/ -->\n<title>Op\u0142atek na tort - Cukiernia Baccate<\/title>\n<meta name=\"description\" content=\"Op\u0142atek na tort dla dzieci ze zdj\u0119ciem do odbioru w Gda\u0144sku. Personalizowany dla dzieci i doros\u0142ych na wiecz\u00f3r panie\u0144ski, chrzest oraz urodziny\" \/>\n<meta name=\"robots\" content=\"index, follow, max-snippet:-1, max-image-preview:large, max-video-preview:-1\" \/>\n<link rel=\"canonical\" href=\"https:\/\/www.baccate.pl\/sklep\/produkt\/oplatek-na-tort\/\" \/>\n<meta property=\"og:locale\" content=\"pl_PL\" \/>\n<meta property=\"og:type\" content=\"article\" \/>\n<meta property=\"og:title\" content=\"Op\u0142atek na tort - Cukiernia Baccate\" \/>\n<meta property=\"og:description\" content=\"Op\u0142atek na tort dla dzieci ze zdj\u0119ciem do odbioru w Gda\u0144sku. Personalizowany dla dzieci i doros\u0142ych na wiecz\u00f3r panie\u0144ski, chrzest oraz urodziny\" \/>\n<meta property=\"og:url\" content=\"https:\/\/www.baccate.pl\/sklep\/produkt\/oplatek-na-tort\/\" \/>\n<meta property=\"og:site_name\" content=\"Cukiernia Baccate\" \/>\n<meta property=\"article:modified_time\" content=\"2022-04-02T10:23:22+00:00\" \/>\n<meta property=\"og:image\" content=\"https:\/\/www.baccate.pl\/sklep\/wp-content\/uploads\/sites\/2\/2020\/12\/jpg-oplatek-na-tort.jpg\" \/>\n\t<meta property=\"og:image:width\" content=\"604\" \/>\n\t<meta property=\"og:image:height\" content=\"684\" \/>\n<meta name=\"twitter:card\" content=\"summary_large_image\" \/>\n<meta name=\"twitter:label1\" content=\"Szacowany czas czytania\">\n\t<meta name=\"twitter:data1\" content=\"1 minuta\">\n<script type=\"application\/ld+json\" class=\"yoast-schema-graph\">{\"@context\":\"https:\/\/schema.org\",\"@graph\":[{\"@type\":\"WebSite\",\"@id\":\"https:\/\/www.baccate.pl\/sklep\/#website\",\"url\":\"https:\/\/www.baccate.pl\/sklep\/\",\"name\":\"Cukiernia Baccate\",\"description\":\"Zam\\u00f3w najlepsze wypieki z dostaw\\u0105 pod same drzwi\",\"potentialAction\":[{\"@type\":\"SearchAction\",\"target\":\"https:\/\/www.baccate.pl\/sklep\/?s={search_term_string}\",\"query-input\":\"required name=search_term_string\"}],\"inLanguage\":\"pl-PL\"},{\"@type\":\"ImageObject\",\"@id\":\"https:\/\/www.baccate.pl\/sklep\/produkt\/oplatek-na-tort\/#primaryimage\",\"inLanguage\":\"pl-PL\",\"url\":\"https:\/\/www.baccate.pl\/sklep\/wp-content\/uploads\/sites\/2\/2020\/12\/jpg-oplatek-na-tort.jpg\",\"contentUrl\":\"https:\/\/www.baccate.pl\/sklep\/wp-content\/uploads\/sites\/2\/2020\/12\/jpg-oplatek-na-tort.jpg\",\"width\":604,\"height\":684},{\"@type\":\"WebPage\",\"@id\":\"https:\/\/www.baccate.pl\/sklep\/produkt\/oplatek-na-tort\/#webpage\",\"url\":\"https:\/\/www.baccate.pl\/sklep\/produkt\/oplatek-na-tort\/\",\"name\":\"Op\\u0142atek na tort - Cukiernia Baccate\",\"isPartOf\":{\"@id\":\"https:\/\/www.baccate.pl\/sklep\/#website\"},\"primaryImageOfPage\":{\"@id\":\"https:\/\/www.baccate.pl\/sklep\/produkt\/oplatek-na-tort\/#primaryimage\"},\"datePublished\":\"2020-12-13T22:45:12+00:00\",\"dateModified\":\"2022-04-02T10:23:22+00:00\",\"description\":\"Op\\u0142atek na tort dla dzieci ze zdj\\u0119ciem do odbioru w Gda\\u0144sku. Personalizowany dla dzieci i doros\\u0142ych na wiecz\\u00f3r panie\\u0144ski, chrzest oraz urodziny\",\"breadcrumb\":{\"@id\":\"https:\/\/www.baccate.pl\/sklep\/produkt\/oplatek-na-tort\/#breadcrumb\"},\"inLanguage\":\"pl-PL\",\"potentialAction\":[{\"@type\":\"ReadAction\",\"target\":[\"https:\/\/www.baccate.pl\/sklep\/produkt\/oplatek-na-tort\/\"]}]},{\"@type\":\"BreadcrumbList\",\"@id\":\"https:\/\/www.baccate.pl\/sklep\/produkt\/oplatek-na-tort\/#breadcrumb\",\"itemListElement\":[{\"@type\":\"ListItem\",\"position\":1,\"item\":{\"@type\":\"WebPage\",\"@id\":\"https:\/\/www.baccate.pl\/sklep\/\",\"url\":\"https:\/\/www.baccate.pl\/sklep\/\",\"name\":\"Strona g\\u0142\\u00f3wna\"}},{\"@type\":\"ListItem\",\"position\":2,\"item\":{\"@type\":\"WebPage\",\"@id\":\"https:\/\/www.baccate.pl\/sklep\/wszystkie\/\",\"url\":\"https:\/\/www.baccate.pl\/sklep\/wszystkie\/\",\"name\":\"Sklep Baccate\"}},{\"@type\":\"ListItem\",\"position\":3,\"item\":{\"@id\":\"https:\/\/www.baccate.pl\/sklep\/produkt\/oplatek-na-tort\/#webpage\"}}]}]}<\/script>\n<!-- \/ Yoast SEO plugin. -->","_links":{"self":[{"href":"https:\/\/www.baccate.pl\/sklep\/wp-json\/wp\/v2\/product\/12675"}],"collection":[{"href":"https:\/\/www.baccate.pl\/sklep\/wp-json\/wp\/v2\/product"}],"about":[{"href":"https:\/\/www.baccate.pl\/sklep\/wp-json\/wp\/v2\/types\/product"}],"wp:featuredmedia":[{"embeddable":true,"href":"https:\/\/www.baccate.pl\/sklep\/wp-json\/wp\/v2\/media\/13383"}],"wp:attachment":[{"href":"https:\/\/www.baccate.pl\/sklep\/wp-json\/wp\/v2\/media?parent=12675"}],"curies":[{"name":"wp","href":"https:\/\/api.w.org\/{rel}","templated":true}]}}