{"id":12540,"date":"2020-12-03T22:18:25","date_gmt":"2020-12-03T21:18:25","guid":{"rendered":"https:\/\/www.baccate.pl\/sklep\/?post_type=product&#038;p=12540"},"modified":"2025-12-09T07:58:32","modified_gmt":"2025-12-09T06:58:32","slug":"szarlotka-jogurtowa","status":"publish","type":"product","link":"https:\/\/www.baccate.pl\/sklep\/produkt\/szarlotka-jogurtowa\/","title":{"rendered":"Szarlotka na kruchym"},"content":{"rendered":"<p>[vc_row][vc_column][vc_column_text]<img class=\"emoji\" role=\"img\" draggable=\"false\" src=\"https:\/\/s.w.org\/images\/core\/emoji\/13.0.0\/svg\/1f36a.svg\" alt=\"?\" \/> Standardowy rozmiar kostki ciasta to 20&#215;10 cm \/ 6 os\u00f3b<br \/>\n<img class=\"emoji\" role=\"img\" draggable=\"false\" src=\"https:\/\/s.w.org\/images\/core\/emoji\/13.0.0\/svg\/1f36a.svg\" alt=\"?\" \/>Przy zam\u00f3wieniu na kilka kostek ciasta, mo\u017cemy przygotowa\u0107 je w jednym wi\u0119kszym kawa\u0142ku, o maksymalnym rozmiarze 60&#215;40 cm<br \/>\n<img class=\"emoji\" role=\"img\" draggable=\"false\" src=\"https:\/\/s.w.org\/images\/core\/emoji\/13.0.0\/svg\/1f36a.svg\" alt=\"?\" \/> Kostka ciasta \u015bwietnie sprawdza si\u0119 jako s\u0142odki prezent lub zast\u0119pstwo dla tortu, dlatego te\u017c<br \/>\nzamawiaj\u0105c s\u0142odko\u015bci w naszej cukierni zawsze mo\u017cna dokupi\u0107 do nich kartk\u0119 okoliczno\u015bciow\u0105, \u015bwieczki lub rac\u0119.[\/vc_column_text][\/vc_column][\/vc_row]<\/p>\n","protected":false},"excerpt":{"rendered":"<p>Siekane jab\u0142ka zapiekane na kruchym ma\u015blanym spodzie, ca\u0142o\u015b\u0107 posypana utart\u0105 kruszonk\u0105 ma\u015blan\u0105 i opr\u00f3szona pudrem.<\/p>\n<p>Rozmiar: 20&#215;10 cm \/ 6 os\u00f3b<\/p>\n","protected":false},"featured_media":12497,"template":"","meta":[],"yoast_head":"<!-- This site is optimized with the Yoast SEO plugin v16.2 - https:\/\/yoast.com\/wordpress\/plugins\/seo\/ -->\n<title>Szarlotka na kruchym - Cukiernia Baccate<\/title>\n<meta name=\"robots\" content=\"index, follow, max-snippet:-1, max-image-preview:large, max-video-preview:-1\" \/>\n<link rel=\"canonical\" href=\"https:\/\/www.baccate.pl\/sklep\/produkt\/szarlotka-jogurtowa\/\" \/>\n<meta property=\"og:locale\" content=\"pl_PL\" \/>\n<meta property=\"og:type\" content=\"article\" \/>\n<meta property=\"og:title\" content=\"Szarlotka na kruchym - Cukiernia Baccate\" \/>\n<meta property=\"og:description\" content=\"Siekane jab\u0142ka zapiekane na kruchym ma\u015blanym spodzie, ca\u0142o\u015b\u0107 posypana utart\u0105 kruszonk\u0105 ma\u015blan\u0105 i opr\u00f3szona pudrem.  Rozmiar: 20x10 cm \/ 6 os\u00f3b\" \/>\n<meta property=\"og:url\" content=\"https:\/\/www.baccate.pl\/sklep\/produkt\/szarlotka-jogurtowa\/\" \/>\n<meta property=\"og:site_name\" content=\"Cukiernia Baccate\" \/>\n<meta property=\"article:modified_time\" content=\"2025-12-09T06:58:32+00:00\" \/>\n<meta property=\"og:image\" content=\"https:\/\/www.baccate.pl\/sklep\/wp-content\/uploads\/sites\/2\/2020\/12\/szarlotka-jogurtowa.jpg\" \/>\n\t<meta property=\"og:image:width\" content=\"604\" \/>\n\t<meta property=\"og:image:height\" content=\"684\" \/>\n<meta name=\"twitter:card\" content=\"summary_large_image\" \/>\n<script type=\"application\/ld+json\" class=\"yoast-schema-graph\">{\"@context\":\"https:\/\/schema.org\",\"@graph\":[{\"@type\":\"WebSite\",\"@id\":\"https:\/\/www.baccate.pl\/sklep\/#website\",\"url\":\"https:\/\/www.baccate.pl\/sklep\/\",\"name\":\"Cukiernia Baccate\",\"description\":\"Zam\\u00f3w najlepsze wypieki z dostaw\\u0105 pod same drzwi\",\"potentialAction\":[{\"@type\":\"SearchAction\",\"target\":\"https:\/\/www.baccate.pl\/sklep\/?s={search_term_string}\",\"query-input\":\"required name=search_term_string\"}],\"inLanguage\":\"pl-PL\"},{\"@type\":\"ImageObject\",\"@id\":\"https:\/\/www.baccate.pl\/sklep\/produkt\/szarlotka-jogurtowa\/#primaryimage\",\"inLanguage\":\"pl-PL\",\"url\":\"https:\/\/www.baccate.pl\/sklep\/wp-content\/uploads\/sites\/2\/2020\/12\/szarlotka-jogurtowa.jpg\",\"contentUrl\":\"https:\/\/www.baccate.pl\/sklep\/wp-content\/uploads\/sites\/2\/2020\/12\/szarlotka-jogurtowa.jpg\",\"width\":604,\"height\":684},{\"@type\":\"WebPage\",\"@id\":\"https:\/\/www.baccate.pl\/sklep\/produkt\/szarlotka-jogurtowa\/#webpage\",\"url\":\"https:\/\/www.baccate.pl\/sklep\/produkt\/szarlotka-jogurtowa\/\",\"name\":\"Szarlotka na kruchym - Cukiernia Baccate\",\"isPartOf\":{\"@id\":\"https:\/\/www.baccate.pl\/sklep\/#website\"},\"primaryImageOfPage\":{\"@id\":\"https:\/\/www.baccate.pl\/sklep\/produkt\/szarlotka-jogurtowa\/#primaryimage\"},\"datePublished\":\"2020-12-03T21:18:25+00:00\",\"dateModified\":\"2025-12-09T06:58:32+00:00\",\"breadcrumb\":{\"@id\":\"https:\/\/www.baccate.pl\/sklep\/produkt\/szarlotka-jogurtowa\/#breadcrumb\"},\"inLanguage\":\"pl-PL\",\"potentialAction\":[{\"@type\":\"ReadAction\",\"target\":[\"https:\/\/www.baccate.pl\/sklep\/produkt\/szarlotka-jogurtowa\/\"]}]},{\"@type\":\"BreadcrumbList\",\"@id\":\"https:\/\/www.baccate.pl\/sklep\/produkt\/szarlotka-jogurtowa\/#breadcrumb\",\"itemListElement\":[{\"@type\":\"ListItem\",\"position\":1,\"item\":{\"@type\":\"WebPage\",\"@id\":\"https:\/\/www.baccate.pl\/sklep\/\",\"url\":\"https:\/\/www.baccate.pl\/sklep\/\",\"name\":\"Strona g\\u0142\\u00f3wna\"}},{\"@type\":\"ListItem\",\"position\":2,\"item\":{\"@type\":\"WebPage\",\"@id\":\"https:\/\/www.baccate.pl\/sklep\/wszystkie\/\",\"url\":\"https:\/\/www.baccate.pl\/sklep\/wszystkie\/\",\"name\":\"Sklep Baccate\"}},{\"@type\":\"ListItem\",\"position\":3,\"item\":{\"@id\":\"https:\/\/www.baccate.pl\/sklep\/produkt\/szarlotka-jogurtowa\/#webpage\"}}]}]}<\/script>\n<!-- \/ Yoast SEO plugin. -->","_links":{"self":[{"href":"https:\/\/www.baccate.pl\/sklep\/wp-json\/wp\/v2\/product\/12540"}],"collection":[{"href":"https:\/\/www.baccate.pl\/sklep\/wp-json\/wp\/v2\/product"}],"about":[{"href":"https:\/\/www.baccate.pl\/sklep\/wp-json\/wp\/v2\/types\/product"}],"wp:featuredmedia":[{"embeddable":true,"href":"https:\/\/www.baccate.pl\/sklep\/wp-json\/wp\/v2\/media\/12497"}],"wp:attachment":[{"href":"https:\/\/www.baccate.pl\/sklep\/wp-json\/wp\/v2\/media?parent=12540"}],"curies":[{"name":"wp","href":"https:\/\/api.w.org\/{rel}","templated":true}]}}