{"id":12536,"date":"2020-12-03T22:18:22","date_gmt":"2020-12-03T21:18:22","guid":{"rendered":"https:\/\/www.baccate.pl\/sklep\/?post_type=product&#038;p=12536"},"modified":"2024-04-01T11:48:44","modified_gmt":"2024-04-01T09:48:44","slug":"ciasto-plesniak","status":"publish","type":"product","link":"https:\/\/www.baccate.pl\/sklep\/produkt\/ciasto-plesniak\/","title":{"rendered":"Ciasto Ple\u015bniak"},"content":{"rendered":"<p>[vc_row][vc_column][vc_column_text]<img class=\"emoji\" role=\"img\" draggable=\"false\" src=\"https:\/\/s.w.org\/images\/core\/emoji\/13.0.0\/svg\/1f36a.svg\" alt=\"?\" \/> Standardowy rozmiar kostki ciasta to 20&#215;10 cm \/ 6 os\u00f3b<br \/>\n<img class=\"emoji\" role=\"img\" draggable=\"false\" src=\"https:\/\/s.w.org\/images\/core\/emoji\/13.0.0\/svg\/1f36a.svg\" alt=\"?\" \/>Przy zam\u00f3wieniu na kilka kostek ciasta, mo\u017cemy przygotowa\u0107 je w jednym wi\u0119kszym kawa\u0142ku,o maksymalnym rozmiarze 60&#215;40 cm<br \/>\n<img class=\"emoji\" role=\"img\" draggable=\"false\" src=\"https:\/\/s.w.org\/images\/core\/emoji\/13.0.0\/svg\/1f36a.svg\" alt=\"?\" \/> Kostka ciasta \u015bwietnie sprawdza si\u0119 jako s\u0142odki prezent lub zast\u0119pstwo dla tortu, dlatego te\u017c<br \/>\nzamawiaj\u0105c s\u0142odko\u015bci w naszej cukierni zawsze mo\u017cna dokupi\u0107 do nich kartk\u0119 okoliczno\u015bciow\u0105,<br \/>\n\u015bwieczki lub rac\u0119.[\/vc_column_text][\/vc_column][\/vc_row]<\/p>\n","protected":false},"excerpt":{"rendered":"<p>Sezonowe owoce zapiekane na kruchym cie\u015bcie, otulone puszyst\u0105 i idealn\u0105 bez\u0105.<\/p>\n<p>Rozmiar: 20&#215;10 cm \/ 6 os\u00f3b<\/p>\n","protected":false},"featured_media":12468,"template":"","meta":[],"yoast_head":"<!-- This site is optimized with the Yoast SEO plugin v16.2 - https:\/\/yoast.com\/wordpress\/plugins\/seo\/ -->\n<title>Cukiernia Baccate Ciasto Ple\u015bniak - ciasto ple\u015bniak z dostaw\u0105 w Tr\u00f3jmie\u015bcie<\/title>\n<meta name=\"description\" content=\"Ciasto ple\u015bniak z dostaw\u0105 zr\u00f3b s\u0142odk\u0105 niespodziank\u0119 najbli\u017cszym. Najlepsze ciasta w Tr\u00f3jmie\u015bcie. Torty z dostaw\u0105 do domu.\" \/>\n<meta name=\"robots\" content=\"index, follow, max-snippet:-1, max-image-preview:large, max-video-preview:-1\" \/>\n<link rel=\"canonical\" href=\"https:\/\/www.baccate.pl\/sklep\/produkt\/ciasto-plesniak\/\" \/>\n<meta property=\"og:locale\" content=\"pl_PL\" \/>\n<meta property=\"og:type\" content=\"article\" \/>\n<meta property=\"og:title\" content=\"Cukiernia Baccate Ciasto Ple\u015bniak - ciasto ple\u015bniak z dostaw\u0105 w Tr\u00f3jmie\u015bcie\" \/>\n<meta property=\"og:description\" content=\"Ciasto ple\u015bniak z dostaw\u0105 zr\u00f3b s\u0142odk\u0105 niespodziank\u0119 najbli\u017cszym. Najlepsze ciasta w Tr\u00f3jmie\u015bcie. Torty z dostaw\u0105 do domu.\" \/>\n<meta property=\"og:url\" content=\"https:\/\/www.baccate.pl\/sklep\/produkt\/ciasto-plesniak\/\" \/>\n<meta property=\"og:site_name\" content=\"Cukiernia Baccate\" \/>\n<meta property=\"article:modified_time\" content=\"2024-04-01T09:48:44+00:00\" \/>\n<meta property=\"og:image\" content=\"https:\/\/www.baccate.pl\/sklep\/wp-content\/uploads\/sites\/2\/2020\/12\/ciasto-plesniak.jpg\" \/>\n\t<meta property=\"og:image:width\" content=\"604\" \/>\n\t<meta property=\"og:image:height\" content=\"684\" \/>\n<meta name=\"twitter:card\" content=\"summary_large_image\" \/>\n<script type=\"application\/ld+json\" class=\"yoast-schema-graph\">{\"@context\":\"https:\/\/schema.org\",\"@graph\":[{\"@type\":\"WebSite\",\"@id\":\"https:\/\/www.baccate.pl\/sklep\/#website\",\"url\":\"https:\/\/www.baccate.pl\/sklep\/\",\"name\":\"Cukiernia Baccate\",\"description\":\"Zam\\u00f3w najlepsze wypieki z dostaw\\u0105 pod same drzwi\",\"potentialAction\":[{\"@type\":\"SearchAction\",\"target\":\"https:\/\/www.baccate.pl\/sklep\/?s={search_term_string}\",\"query-input\":\"required name=search_term_string\"}],\"inLanguage\":\"pl-PL\"},{\"@type\":\"ImageObject\",\"@id\":\"https:\/\/www.baccate.pl\/sklep\/produkt\/ciasto-plesniak\/#primaryimage\",\"inLanguage\":\"pl-PL\",\"url\":\"https:\/\/www.baccate.pl\/sklep\/wp-content\/uploads\/sites\/2\/2020\/12\/ciasto-plesniak.jpg\",\"contentUrl\":\"https:\/\/www.baccate.pl\/sklep\/wp-content\/uploads\/sites\/2\/2020\/12\/ciasto-plesniak.jpg\",\"width\":604,\"height\":684},{\"@type\":\"WebPage\",\"@id\":\"https:\/\/www.baccate.pl\/sklep\/produkt\/ciasto-plesniak\/#webpage\",\"url\":\"https:\/\/www.baccate.pl\/sklep\/produkt\/ciasto-plesniak\/\",\"name\":\"Cukiernia Baccate Ciasto Ple\\u015bniak - ciasto ple\\u015bniak z dostaw\\u0105 w Tr\\u00f3jmie\\u015bcie\",\"isPartOf\":{\"@id\":\"https:\/\/www.baccate.pl\/sklep\/#website\"},\"primaryImageOfPage\":{\"@id\":\"https:\/\/www.baccate.pl\/sklep\/produkt\/ciasto-plesniak\/#primaryimage\"},\"datePublished\":\"2020-12-03T21:18:22+00:00\",\"dateModified\":\"2024-04-01T09:48:44+00:00\",\"description\":\"Ciasto ple\\u015bniak z dostaw\\u0105 zr\\u00f3b s\\u0142odk\\u0105 niespodziank\\u0119 najbli\\u017cszym. Najlepsze ciasta w Tr\\u00f3jmie\\u015bcie. Torty z dostaw\\u0105 do domu.\",\"breadcrumb\":{\"@id\":\"https:\/\/www.baccate.pl\/sklep\/produkt\/ciasto-plesniak\/#breadcrumb\"},\"inLanguage\":\"pl-PL\",\"potentialAction\":[{\"@type\":\"ReadAction\",\"target\":[\"https:\/\/www.baccate.pl\/sklep\/produkt\/ciasto-plesniak\/\"]}]},{\"@type\":\"BreadcrumbList\",\"@id\":\"https:\/\/www.baccate.pl\/sklep\/produkt\/ciasto-plesniak\/#breadcrumb\",\"itemListElement\":[{\"@type\":\"ListItem\",\"position\":1,\"item\":{\"@type\":\"WebPage\",\"@id\":\"https:\/\/www.baccate.pl\/sklep\/\",\"url\":\"https:\/\/www.baccate.pl\/sklep\/\",\"name\":\"Strona g\\u0142\\u00f3wna\"}},{\"@type\":\"ListItem\",\"position\":2,\"item\":{\"@type\":\"WebPage\",\"@id\":\"https:\/\/www.baccate.pl\/sklep\/wszystkie\/\",\"url\":\"https:\/\/www.baccate.pl\/sklep\/wszystkie\/\",\"name\":\"Sklep Baccate\"}},{\"@type\":\"ListItem\",\"position\":3,\"item\":{\"@id\":\"https:\/\/www.baccate.pl\/sklep\/produkt\/ciasto-plesniak\/#webpage\"}}]}]}<\/script>\n<!-- \/ Yoast SEO plugin. -->","_links":{"self":[{"href":"https:\/\/www.baccate.pl\/sklep\/wp-json\/wp\/v2\/product\/12536"}],"collection":[{"href":"https:\/\/www.baccate.pl\/sklep\/wp-json\/wp\/v2\/product"}],"about":[{"href":"https:\/\/www.baccate.pl\/sklep\/wp-json\/wp\/v2\/types\/product"}],"wp:featuredmedia":[{"embeddable":true,"href":"https:\/\/www.baccate.pl\/sklep\/wp-json\/wp\/v2\/media\/12468"}],"wp:attachment":[{"href":"https:\/\/www.baccate.pl\/sklep\/wp-json\/wp\/v2\/media?parent=12536"}],"curies":[{"name":"wp","href":"https:\/\/api.w.org\/{rel}","templated":true}]}}