{"id":12535,"date":"2020-12-03T22:16:33","date_gmt":"2020-12-03T21:16:33","guid":{"rendered":"https:\/\/www.baccate.pl\/sklep\/?post_type=product&#038;p=12535"},"modified":"2026-01-19T10:25:38","modified_gmt":"2026-01-19T09:25:38","slug":"sernik-z-mandarynka","status":"publish","type":"product","link":"https:\/\/www.baccate.pl\/sklep\/produkt\/sernik-z-mandarynka\/","title":{"rendered":"Sernik z morel\u0105"},"content":{"rendered":"<p>[vc_row][vc_column][vc_column_text]<img class=\"emoji\" role=\"img\" draggable=\"false\" src=\"https:\/\/s.w.org\/images\/core\/emoji\/13.0.0\/svg\/1f36a.svg\" alt=\"?\" \/> Standardowy rozmiar kostki sernika to 20&#215;10 cm \/ 6 os\u00f3b.<\/p>\n<p><img class=\"emoji\" role=\"img\" draggable=\"false\" src=\"https:\/\/s.w.org\/images\/core\/emoji\/13.0.0\/svg\/1f36a.svg\" alt=\"?\" \/> Przy zam\u00f3wieniu na kilka kostek sernika, mo\u017cemy przygotowa\u0107 je w jednym wi\u0119kszym kawa\u0142ku, o maksymalnym rozmiarze 60&#215;40 cm, b\u0119dzie to wtedy ca\u0142a blacha.<\/p>\n<p><img class=\"emoji\" role=\"img\" draggable=\"false\" src=\"https:\/\/s.w.org\/images\/core\/emoji\/13.0.0\/svg\/1f36a.svg\" alt=\"?\" \/> Kostka sernika \u015bwietnie sprawdza si\u0119 jako s\u0142odki prezent, dlatego te\u017c zamawiaj\u0105c s\u0142odko\u015bci w naszej cukierni zawsze mo\u017cna dokupi\u0107 do nich kartk\u0119 okoliczno\u015bciow\u0105, \u015bwieczki lub rac\u0119.[\/vc_column_text][\/vc_column][\/vc_row]<\/p>\n","protected":false},"excerpt":{"rendered":"<p>Wykwintny sernik o cytrusowym aromacie<br \/>\nz dodatkiem owoc\u00f3w mandarynki.<\/p>\n","protected":false},"featured_media":12493,"template":"","meta":[],"yoast_head":"<!-- This site is optimized with the Yoast SEO plugin v16.2 - https:\/\/yoast.com\/wordpress\/plugins\/seo\/ -->\n<title>Cukiernia Baccate - Serniki z dostaw\u0105 w Gda\u0144sku<\/title>\n<meta name=\"description\" content=\"Sernik z mandarynk\u0105 z dostaw\u0105 zr\u00f3b s\u0142odk\u0105 niespodziank\u0119 najbli\u017cszym. Najlepsze serniki w Gda\u0144sku. Sernik z dostaw\u0105 do domu.\" \/>\n<meta name=\"robots\" content=\"index, follow, max-snippet:-1, max-image-preview:large, max-video-preview:-1\" \/>\n<link rel=\"canonical\" href=\"https:\/\/www.baccate.pl\/sklep\/produkt\/sernik-z-mandarynka\/\" \/>\n<meta property=\"og:locale\" content=\"pl_PL\" \/>\n<meta property=\"og:type\" content=\"article\" \/>\n<meta property=\"og:title\" content=\"Cukiernia Baccate - Serniki z dostaw\u0105 w Gda\u0144sku\" \/>\n<meta property=\"og:description\" content=\"Sernik z mandarynk\u0105 z dostaw\u0105 zr\u00f3b s\u0142odk\u0105 niespodziank\u0119 najbli\u017cszym. Najlepsze serniki w Gda\u0144sku. Sernik z dostaw\u0105 do domu.\" \/>\n<meta property=\"og:url\" content=\"https:\/\/www.baccate.pl\/sklep\/produkt\/sernik-z-mandarynka\/\" \/>\n<meta property=\"og:site_name\" content=\"Cukiernia Baccate\" \/>\n<meta property=\"article:modified_time\" content=\"2026-01-19T09:25:38+00:00\" \/>\n<meta property=\"og:image\" content=\"https:\/\/www.baccate.pl\/sklep\/wp-content\/uploads\/sites\/2\/2020\/12\/sernik-z-mandarynka.jpg\" \/>\n\t<meta property=\"og:image:width\" content=\"604\" \/>\n\t<meta property=\"og:image:height\" content=\"684\" \/>\n<meta name=\"twitter:card\" content=\"summary_large_image\" \/>\n<script type=\"application\/ld+json\" class=\"yoast-schema-graph\">{\"@context\":\"https:\/\/schema.org\",\"@graph\":[{\"@type\":\"WebSite\",\"@id\":\"https:\/\/www.baccate.pl\/sklep\/#website\",\"url\":\"https:\/\/www.baccate.pl\/sklep\/\",\"name\":\"Cukiernia Baccate\",\"description\":\"Zam\\u00f3w najlepsze wypieki z dostaw\\u0105 pod same drzwi\",\"potentialAction\":[{\"@type\":\"SearchAction\",\"target\":\"https:\/\/www.baccate.pl\/sklep\/?s={search_term_string}\",\"query-input\":\"required name=search_term_string\"}],\"inLanguage\":\"pl-PL\"},{\"@type\":\"ImageObject\",\"@id\":\"https:\/\/www.baccate.pl\/sklep\/produkt\/sernik-z-mandarynka\/#primaryimage\",\"inLanguage\":\"pl-PL\",\"url\":\"https:\/\/www.baccate.pl\/sklep\/wp-content\/uploads\/sites\/2\/2020\/12\/sernik-z-mandarynka.jpg\",\"contentUrl\":\"https:\/\/www.baccate.pl\/sklep\/wp-content\/uploads\/sites\/2\/2020\/12\/sernik-z-mandarynka.jpg\",\"width\":604,\"height\":684},{\"@type\":\"WebPage\",\"@id\":\"https:\/\/www.baccate.pl\/sklep\/produkt\/sernik-z-mandarynka\/#webpage\",\"url\":\"https:\/\/www.baccate.pl\/sklep\/produkt\/sernik-z-mandarynka\/\",\"name\":\"Cukiernia Baccate - Serniki z dostaw\\u0105 w Gda\\u0144sku\",\"isPartOf\":{\"@id\":\"https:\/\/www.baccate.pl\/sklep\/#website\"},\"primaryImageOfPage\":{\"@id\":\"https:\/\/www.baccate.pl\/sklep\/produkt\/sernik-z-mandarynka\/#primaryimage\"},\"datePublished\":\"2020-12-03T21:16:33+00:00\",\"dateModified\":\"2026-01-19T09:25:38+00:00\",\"description\":\"Sernik z mandarynk\\u0105 z dostaw\\u0105 zr\\u00f3b s\\u0142odk\\u0105 niespodziank\\u0119 najbli\\u017cszym. Najlepsze serniki w Gda\\u0144sku. Sernik z dostaw\\u0105 do domu.\",\"breadcrumb\":{\"@id\":\"https:\/\/www.baccate.pl\/sklep\/produkt\/sernik-z-mandarynka\/#breadcrumb\"},\"inLanguage\":\"pl-PL\",\"potentialAction\":[{\"@type\":\"ReadAction\",\"target\":[\"https:\/\/www.baccate.pl\/sklep\/produkt\/sernik-z-mandarynka\/\"]}]},{\"@type\":\"BreadcrumbList\",\"@id\":\"https:\/\/www.baccate.pl\/sklep\/produkt\/sernik-z-mandarynka\/#breadcrumb\",\"itemListElement\":[{\"@type\":\"ListItem\",\"position\":1,\"item\":{\"@type\":\"WebPage\",\"@id\":\"https:\/\/www.baccate.pl\/sklep\/\",\"url\":\"https:\/\/www.baccate.pl\/sklep\/\",\"name\":\"Strona g\\u0142\\u00f3wna\"}},{\"@type\":\"ListItem\",\"position\":2,\"item\":{\"@type\":\"WebPage\",\"@id\":\"https:\/\/www.baccate.pl\/sklep\/wszystkie\/\",\"url\":\"https:\/\/www.baccate.pl\/sklep\/wszystkie\/\",\"name\":\"Sklep Baccate\"}},{\"@type\":\"ListItem\",\"position\":3,\"item\":{\"@id\":\"https:\/\/www.baccate.pl\/sklep\/produkt\/sernik-z-mandarynka\/#webpage\"}}]}]}<\/script>\n<!-- \/ Yoast SEO plugin. -->","_links":{"self":[{"href":"https:\/\/www.baccate.pl\/sklep\/wp-json\/wp\/v2\/product\/12535"}],"collection":[{"href":"https:\/\/www.baccate.pl\/sklep\/wp-json\/wp\/v2\/product"}],"about":[{"href":"https:\/\/www.baccate.pl\/sklep\/wp-json\/wp\/v2\/types\/product"}],"wp:featuredmedia":[{"embeddable":true,"href":"https:\/\/www.baccate.pl\/sklep\/wp-json\/wp\/v2\/media\/12493"}],"wp:attachment":[{"href":"https:\/\/www.baccate.pl\/sklep\/wp-json\/wp\/v2\/media?parent=12535"}],"curies":[{"name":"wp","href":"https:\/\/api.w.org\/{rel}","templated":true}]}}