{"id":12275,"date":"2020-11-22T23:02:35","date_gmt":"2020-11-22T22:02:35","guid":{"rendered":"https:\/\/www.baccate.pl\/sklep\/?post_type=product&#038;p=12275"},"modified":"2026-04-15T08:16:17","modified_gmt":"2026-04-15T06:16:17","slug":"tort-bezowy-z-malinami","status":"publish","type":"product","link":"https:\/\/www.baccate.pl\/sklep\/produkt\/tort-bezowy-z-malinami\/","title":{"rendered":"Tort Bezowy <\/br> z mailnami"},"content":{"rendered":"<p>[vc_row][vc_column][vc_column_text]<br \/>\n<img class=\"emoji\" role=\"img\" draggable=\"false\" src=\"https:\/\/s.w.org\/images\/core\/emoji\/13.0.0\/svg\/1f36a.svg\" alt=\"?\" \/> Chcesz spersonalizowa\u0107 tort bezowy dodaj do niego napis w polu dodatkowe informacje dla cukierni.<br \/>\n<img class=\"emoji\" role=\"img\" draggable=\"false\" src=\"https:\/\/s.w.org\/images\/core\/emoji\/13.0.0\/svg\/1f36a.svg\" alt=\"?\" \/> Zamawiaj\u0105c s\u0142odko\u015bci mo\u017cesz zrobi\u0107 dodatkowy prezent<br \/>\ndokupuj\u0105c okoliczno\u015bciow\u0105 kartk\u0119, \u015bwieczki oraz rac\u0119.[\/vc_column_text][\/vc_column][\/vc_row]<\/p>\n","protected":false},"excerpt":{"rendered":"<p>Krucha beza przek\u0142adana wytrawnym kremem<br \/>\nna bazie serka mascarpone i \u015bmietany<br \/>\nz dodatkiem malinowego puree.<\/p>\n","protected":false},"featured_media":16485,"template":"","meta":[],"yoast_head":"<!-- This site is optimized with the Yoast SEO plugin v16.2 - https:\/\/yoast.com\/wordpress\/plugins\/seo\/ -->\n<title>Cukiernia Baccate - Torty bezowe pavlova z dostaw\u0105<\/title>\n<meta name=\"description\" content=\"Pyszne torty bezowe pavlova w Gda\u0144sku. Dostawa do domu w Tr\u00f3jmie\u015bcie. Najlepsza beza w Gda\u0144sku, Sopocie i Gdyni. Zam\u00f3w wszystkim b\u0119dzie smakowa\u0142o.\" \/>\n<meta name=\"robots\" content=\"index, follow, max-snippet:-1, max-image-preview:large, max-video-preview:-1\" \/>\n<link rel=\"canonical\" href=\"https:\/\/www.baccate.pl\/sklep\/produkt\/tort-bezowy-z-malinami\/\" \/>\n<meta property=\"og:locale\" content=\"pl_PL\" \/>\n<meta property=\"og:type\" content=\"article\" \/>\n<meta property=\"og:title\" content=\"Cukiernia Baccate - Torty bezowe pavlova z dostaw\u0105\" \/>\n<meta property=\"og:description\" content=\"Pyszne torty bezowe pavlova w Gda\u0144sku. Dostawa do domu w Tr\u00f3jmie\u015bcie. Najlepsza beza w Gda\u0144sku, Sopocie i Gdyni. Zam\u00f3w wszystkim b\u0119dzie smakowa\u0142o.\" \/>\n<meta property=\"og:url\" content=\"https:\/\/www.baccate.pl\/sklep\/produkt\/tort-bezowy-z-malinami\/\" \/>\n<meta property=\"og:site_name\" content=\"Cukiernia Baccate\" \/>\n<meta property=\"article:modified_time\" content=\"2026-04-15T06:16:17+00:00\" \/>\n<meta property=\"og:image\" content=\"https:\/\/www.baccate.pl\/sklep\/wp-content\/uploads\/sites\/2\/2020\/11\/jpg-tort-bezowy-malinowy.jpg\" \/>\n\t<meta property=\"og:image:width\" content=\"600\" \/>\n\t<meta property=\"og:image:height\" content=\"680\" \/>\n<meta name=\"twitter:card\" content=\"summary_large_image\" \/>\n<meta name=\"twitter:label1\" content=\"Szacowany czas czytania\">\n\t<meta name=\"twitter:data1\" content=\"1 minuta\">\n<script type=\"application\/ld+json\" class=\"yoast-schema-graph\">{\"@context\":\"https:\/\/schema.org\",\"@graph\":[{\"@type\":\"WebSite\",\"@id\":\"https:\/\/www.baccate.pl\/sklep\/#website\",\"url\":\"https:\/\/www.baccate.pl\/sklep\/\",\"name\":\"Cukiernia Baccate\",\"description\":\"Zam\\u00f3w najlepsze wypieki z dostaw\\u0105 pod same drzwi\",\"potentialAction\":[{\"@type\":\"SearchAction\",\"target\":\"https:\/\/www.baccate.pl\/sklep\/?s={search_term_string}\",\"query-input\":\"required name=search_term_string\"}],\"inLanguage\":\"pl-PL\"},{\"@type\":\"ImageObject\",\"@id\":\"https:\/\/www.baccate.pl\/sklep\/produkt\/tort-bezowy-z-malinami\/#primaryimage\",\"inLanguage\":\"pl-PL\",\"url\":\"https:\/\/www.baccate.pl\/sklep\/wp-content\/uploads\/sites\/2\/2020\/11\/jpg-tort-bezowy-malinowy.jpg\",\"contentUrl\":\"https:\/\/www.baccate.pl\/sklep\/wp-content\/uploads\/sites\/2\/2020\/11\/jpg-tort-bezowy-malinowy.jpg\",\"width\":600,\"height\":680},{\"@type\":\"WebPage\",\"@id\":\"https:\/\/www.baccate.pl\/sklep\/produkt\/tort-bezowy-z-malinami\/#webpage\",\"url\":\"https:\/\/www.baccate.pl\/sklep\/produkt\/tort-bezowy-z-malinami\/\",\"name\":\"Cukiernia Baccate - Torty bezowe pavlova z dostaw\\u0105\",\"isPartOf\":{\"@id\":\"https:\/\/www.baccate.pl\/sklep\/#website\"},\"primaryImageOfPage\":{\"@id\":\"https:\/\/www.baccate.pl\/sklep\/produkt\/tort-bezowy-z-malinami\/#primaryimage\"},\"datePublished\":\"2020-11-22T22:02:35+00:00\",\"dateModified\":\"2026-04-15T06:16:17+00:00\",\"description\":\"Pyszne torty bezowe pavlova w Gda\\u0144sku. Dostawa do domu w Tr\\u00f3jmie\\u015bcie. Najlepsza beza w Gda\\u0144sku, Sopocie i Gdyni. Zam\\u00f3w wszystkim b\\u0119dzie smakowa\\u0142o.\",\"breadcrumb\":{\"@id\":\"https:\/\/www.baccate.pl\/sklep\/produkt\/tort-bezowy-z-malinami\/#breadcrumb\"},\"inLanguage\":\"pl-PL\",\"potentialAction\":[{\"@type\":\"ReadAction\",\"target\":[\"https:\/\/www.baccate.pl\/sklep\/produkt\/tort-bezowy-z-malinami\/\"]}]},{\"@type\":\"BreadcrumbList\",\"@id\":\"https:\/\/www.baccate.pl\/sklep\/produkt\/tort-bezowy-z-malinami\/#breadcrumb\",\"itemListElement\":[{\"@type\":\"ListItem\",\"position\":1,\"item\":{\"@type\":\"WebPage\",\"@id\":\"https:\/\/www.baccate.pl\/sklep\/\",\"url\":\"https:\/\/www.baccate.pl\/sklep\/\",\"name\":\"Strona g\\u0142\\u00f3wna\"}},{\"@type\":\"ListItem\",\"position\":2,\"item\":{\"@type\":\"WebPage\",\"@id\":\"https:\/\/www.baccate.pl\/sklep\/wszystkie\/\",\"url\":\"https:\/\/www.baccate.pl\/sklep\/wszystkie\/\",\"name\":\"Sklep Baccate\"}},{\"@type\":\"ListItem\",\"position\":3,\"item\":{\"@id\":\"https:\/\/www.baccate.pl\/sklep\/produkt\/tort-bezowy-z-malinami\/#webpage\"}}]}]}<\/script>\n<!-- \/ Yoast SEO plugin. -->","_links":{"self":[{"href":"https:\/\/www.baccate.pl\/sklep\/wp-json\/wp\/v2\/product\/12275"}],"collection":[{"href":"https:\/\/www.baccate.pl\/sklep\/wp-json\/wp\/v2\/product"}],"about":[{"href":"https:\/\/www.baccate.pl\/sklep\/wp-json\/wp\/v2\/types\/product"}],"wp:featuredmedia":[{"embeddable":true,"href":"https:\/\/www.baccate.pl\/sklep\/wp-json\/wp\/v2\/media\/16485"}],"wp:attachment":[{"href":"https:\/\/www.baccate.pl\/sklep\/wp-json\/wp\/v2\/media?parent=12275"}],"curies":[{"name":"wp","href":"https:\/\/api.w.org\/{rel}","templated":true}]}}