{"id":11920,"date":"2020-10-24T18:11:51","date_gmt":"2020-10-24T16:11:51","guid":{"rendered":"http:\/\/www.baccate.pl\/sklep\/?post_type=product&#038;p=11920"},"modified":"2024-04-01T11:58:32","modified_gmt":"2024-04-01T09:58:32","slug":"kostka-chrupek","status":"publish","type":"product","link":"https:\/\/www.baccate.pl\/sklep\/produkt\/kostka-chrupek\/","title":{"rendered":"Kostka Chrupek"},"content":{"rendered":"<p>[vc_row][vc_column][vc_column_text]<\/p>\n<p>? Zamawiaj\u0105c kilka kostek mo\u017cemy przygotowa\u0107 je dla Pa\u0144stwa w jednym wi\u0119kszym kawa\u0142ku.<br \/>\n? Maksymalny wymiar kostki to 60&#215;40 cm (12 sztuk) jest to wtedy ca\u0142a blacha.<br \/>\n? Zamawiaj\u0105c s\u0142odko\u015bci mo\u017cesz zrobi\u0107 dodatkowy prezent<br \/>\ndokupuj\u0105c okoliczno\u015bciow\u0105 kartk\u0119, \u015bwieczki oraz rac\u0119.<\/p>\n<p>[\/vc_column_text][\/vc_column][\/vc_row]<\/p>\n","protected":false},"excerpt":{"rendered":"<p>Kruche ciasteczka w masie czekoladowej pokryte musem z bia\u0142ej i ciemnej czekolady.<br \/>\nRozmiar: 10&#215;20 cm \/ 6os\u00f3b<\/p>\n","protected":false},"featured_media":11926,"template":"","meta":[],"yoast_head":"<!-- This site is optimized with the Yoast SEO plugin v16.2 - https:\/\/yoast.com\/wordpress\/plugins\/seo\/ -->\n<title>Cukiernia Baccate -<\/title>\n<meta name=\"description\" content=\"Kostka chrupek z dostaw\u0105 zr\u00f3b s\u0142odk\u0105 niespodziank\u0119 najbli\u017cszym. Najlepsze kostki deserowe w Tr\u00f3jmie\u015bcie. Kostki deserowe z dostaw\u0105 do domu.\" \/>\n<meta name=\"robots\" content=\"index, follow, max-snippet:-1, max-image-preview:large, max-video-preview:-1\" \/>\n<link rel=\"canonical\" href=\"https:\/\/www.baccate.pl\/sklep\/produkt\/kostka-chrupek\/\" \/>\n<meta property=\"og:locale\" content=\"pl_PL\" \/>\n<meta property=\"og:type\" content=\"article\" \/>\n<meta property=\"og:title\" content=\"Cukiernia Baccate -\" \/>\n<meta property=\"og:description\" content=\"Kostka chrupek z dostaw\u0105 zr\u00f3b s\u0142odk\u0105 niespodziank\u0119 najbli\u017cszym. Najlepsze kostki deserowe w Tr\u00f3jmie\u015bcie. Kostki deserowe z dostaw\u0105 do domu.\" \/>\n<meta property=\"og:url\" content=\"https:\/\/www.baccate.pl\/sklep\/produkt\/kostka-chrupek\/\" \/>\n<meta property=\"og:site_name\" content=\"Cukiernia Baccate\" \/>\n<meta property=\"article:modified_time\" content=\"2024-04-01T09:58:32+00:00\" \/>\n<meta property=\"og:image\" content=\"https:\/\/www.baccate.pl\/sklep\/wp-content\/uploads\/sites\/2\/2020\/10\/Kostka-chrupek-002.jpg\" \/>\n\t<meta property=\"og:image:width\" content=\"604\" \/>\n\t<meta property=\"og:image:height\" content=\"684\" \/>\n<meta name=\"twitter:card\" content=\"summary_large_image\" \/>\n<script type=\"application\/ld+json\" class=\"yoast-schema-graph\">{\"@context\":\"https:\/\/schema.org\",\"@graph\":[{\"@type\":\"WebSite\",\"@id\":\"https:\/\/www.baccate.pl\/sklep\/#website\",\"url\":\"https:\/\/www.baccate.pl\/sklep\/\",\"name\":\"Cukiernia Baccate\",\"description\":\"Zam\\u00f3w najlepsze wypieki z dostaw\\u0105 pod same drzwi\",\"potentialAction\":[{\"@type\":\"SearchAction\",\"target\":\"https:\/\/www.baccate.pl\/sklep\/?s={search_term_string}\",\"query-input\":\"required name=search_term_string\"}],\"inLanguage\":\"pl-PL\"},{\"@type\":\"ImageObject\",\"@id\":\"https:\/\/www.baccate.pl\/sklep\/produkt\/kostka-chrupek\/#primaryimage\",\"inLanguage\":\"pl-PL\",\"url\":\"https:\/\/www.baccate.pl\/sklep\/wp-content\/uploads\/sites\/2\/2020\/10\/Kostka-chrupek-002.jpg\",\"contentUrl\":\"https:\/\/www.baccate.pl\/sklep\/wp-content\/uploads\/sites\/2\/2020\/10\/Kostka-chrupek-002.jpg\",\"width\":604,\"height\":684},{\"@type\":\"WebPage\",\"@id\":\"https:\/\/www.baccate.pl\/sklep\/produkt\/kostka-chrupek\/#webpage\",\"url\":\"https:\/\/www.baccate.pl\/sklep\/produkt\/kostka-chrupek\/\",\"name\":\"Cukiernia Baccate -\",\"isPartOf\":{\"@id\":\"https:\/\/www.baccate.pl\/sklep\/#website\"},\"primaryImageOfPage\":{\"@id\":\"https:\/\/www.baccate.pl\/sklep\/produkt\/kostka-chrupek\/#primaryimage\"},\"datePublished\":\"2020-10-24T16:11:51+00:00\",\"dateModified\":\"2024-04-01T09:58:32+00:00\",\"description\":\"Kostka chrupek z dostaw\\u0105 zr\\u00f3b s\\u0142odk\\u0105 niespodziank\\u0119 najbli\\u017cszym. Najlepsze kostki deserowe w Tr\\u00f3jmie\\u015bcie. Kostki deserowe z dostaw\\u0105 do domu.\",\"breadcrumb\":{\"@id\":\"https:\/\/www.baccate.pl\/sklep\/produkt\/kostka-chrupek\/#breadcrumb\"},\"inLanguage\":\"pl-PL\",\"potentialAction\":[{\"@type\":\"ReadAction\",\"target\":[\"https:\/\/www.baccate.pl\/sklep\/produkt\/kostka-chrupek\/\"]}]},{\"@type\":\"BreadcrumbList\",\"@id\":\"https:\/\/www.baccate.pl\/sklep\/produkt\/kostka-chrupek\/#breadcrumb\",\"itemListElement\":[{\"@type\":\"ListItem\",\"position\":1,\"item\":{\"@type\":\"WebPage\",\"@id\":\"https:\/\/www.baccate.pl\/sklep\/\",\"url\":\"https:\/\/www.baccate.pl\/sklep\/\",\"name\":\"Strona g\\u0142\\u00f3wna\"}},{\"@type\":\"ListItem\",\"position\":2,\"item\":{\"@type\":\"WebPage\",\"@id\":\"https:\/\/www.baccate.pl\/sklep\/wszystkie\/\",\"url\":\"https:\/\/www.baccate.pl\/sklep\/wszystkie\/\",\"name\":\"Sklep Baccate\"}},{\"@type\":\"ListItem\",\"position\":3,\"item\":{\"@id\":\"https:\/\/www.baccate.pl\/sklep\/produkt\/kostka-chrupek\/#webpage\"}}]}]}<\/script>\n<!-- \/ Yoast SEO plugin. -->","_links":{"self":[{"href":"https:\/\/www.baccate.pl\/sklep\/wp-json\/wp\/v2\/product\/11920"}],"collection":[{"href":"https:\/\/www.baccate.pl\/sklep\/wp-json\/wp\/v2\/product"}],"about":[{"href":"https:\/\/www.baccate.pl\/sklep\/wp-json\/wp\/v2\/types\/product"}],"wp:featuredmedia":[{"embeddable":true,"href":"https:\/\/www.baccate.pl\/sklep\/wp-json\/wp\/v2\/media\/11926"}],"wp:attachment":[{"href":"https:\/\/www.baccate.pl\/sklep\/wp-json\/wp\/v2\/media?parent=11920"}],"curies":[{"name":"wp","href":"https:\/\/api.w.org\/{rel}","templated":true}]}}